{"id":14,"date":"2021-09-28T15:20:54","date_gmt":"2021-09-28T18:20:54","guid":{"rendered":"https:\/\/www.feliciosilveira.com.br\/?page_id=14"},"modified":"2021-10-04T13:06:20","modified_gmt":"2021-10-04T16:06:20","slug":"pagina-inicial","status":"publish","type":"page","link":"https:\/\/www.feliciosilveira.com.br\/","title":{"rendered":"P\u00e1gina inicial"},"content":{"rendered":"\n<p>Bem vindo ao espa\u00e7o para quem estuda e trabalha com <strong>termopl\u00e1sticos<\/strong>.<\/p>\n\n\n\n<p><\/p>\n\n\n\n<p>Neste espa\u00e7o conversamos sobre novas tecnologias e solu\u00e7\u00f5es industriais<\/p>\n\n\n\n<p>Voc\u00ea tb pode falar conosco para realizar um treinamento ou consultoria especializada<\/p>\n\n\n\n<p>Conhe\u00e7a nosso site<\/p>\n\n\n\n<p><\/p>\n\n\n\n<h2>Clientes<\/h2>\n\n\n\n<p>Atendemos nossos clientes em todo o territ\u00f3rio brasileiro, desde grandes, m\u00e9dias, pequenas, e incluindo as micro empresas.<\/p>\n\n\n\n<p>\u200b<\/p>\n\n\n\n<p>Sempre&nbsp;em acordo com as necessidades e particularidades de cada cliente.<\/p>\n\n\n\n<p>Nossa presta\u00e7\u00e3o&nbsp;de servi\u00e7os \u00e9 realizada resguardando&nbsp;as&nbsp;caracter\u00edsticas&nbsp;&nbsp; tecnol\u00f3gicas&nbsp;dos equipamentos, dos processos e dos produtos fabricados pelos contratante.<\/p>\n\n\n\n<p>E dentro desse princ\u00edpio n\u00e3o&nbsp;revelamos aqui momes de nossos clientes.<\/p>\n\n\n\n<p><\/p>\n\n\n\n<h2>Sobre a empresa<\/h2>\n\n\n\n<p>Projetos especiais, treinamentos, manuten\u00e7\u00f5es especiais, suporte t\u00e9cnico, consultoria, etc.<\/p>\n\n\n\n<p>\u200b\u200b<\/p>\n\n\n\n<p>Situada em Joinville\/SC, realiza projetos para empresas em todo o territ\u00f3rio nacional, conta com profissionais com amplo conhecimento t\u00e9cnico, &nbsp;e em processo de&nbsp;atualiza\u00e7\u00e3o permanente.<\/p>\n\n\n\n<p>\u200b<\/p>\n\n\n\n<p>Atuamos&nbsp;no mercado de m\u00e1quinas e equipamentos para&nbsp;<strong>termopl\u00e1sticos<\/strong>&nbsp;desde&nbsp;<strong>1975<\/strong>. Nossos projetos de m\u00e1quinas e equipamentos est\u00e3o no core business de grandes empresas brasileiras.<\/p>\n\n\n\n<p>Sob consulta, realizamos tamb\u00e9m ajustes e manuten\u00e7\u00e3o em ferramentas de extrus\u00e3o, bombas dosadoras, &nbsp;equipamentos, etc.<\/p>\n","protected":false},"excerpt":{"rendered":"<p>Bem vindo ao espa\u00e7o para quem estuda e trabalha com termopl\u00e1sticos. Neste espa\u00e7o conversamos sobre novas tecnologias e solu\u00e7\u00f5es industriais Voc\u00ea tb pode falar conosco para realizar um treinamento ou consultoria especializada Conhe\u00e7a nosso site Clientes Atendemos nossos clientes em todo o territ\u00f3rio brasileiro, desde grandes, m\u00e9dias, pequenas, e incluindo as micro empresas. \u200b Sempre&nbsp;em acordo com as necessidades e [&hellip;]<\/p>\n","protected":false},"author":1,"featured_media":0,"parent":0,"menu_order":0,"comment_status":"closed","ping_status":"closed","template":"","meta":[],"_links":{"self":[{"href":"https:\/\/www.feliciosilveira.com.br\/index.php?rest_route=\/wp\/v2\/pages\/14"}],"collection":[{"href":"https:\/\/www.feliciosilveira.com.br\/index.php?rest_route=\/wp\/v2\/pages"}],"about":[{"href":"https:\/\/www.feliciosilveira.com.br\/index.php?rest_route=\/wp\/v2\/types\/page"}],"author":[{"embeddable":true,"href":"https:\/\/www.feliciosilveira.com.br\/index.php?rest_route=\/wp\/v2\/users\/1"}],"replies":[{"embeddable":true,"href":"https:\/\/www.feliciosilveira.com.br\/index.php?rest_route=%2Fwp%2Fv2%2Fcomments&post=14"}],"version-history":[{"count":6,"href":"https:\/\/www.feliciosilveira.com.br\/index.php?rest_route=\/wp\/v2\/pages\/14\/revisions"}],"predecessor-version":[{"id":135,"href":"https:\/\/www.feliciosilveira.com.br\/index.php?rest_route=\/wp\/v2\/pages\/14\/revisions\/135"}],"wp:attachment":[{"href":"https:\/\/www.feliciosilveira.com.br\/index.php?rest_route=%2Fwp%2Fv2%2Fmedia&parent=14"}],"curies":[{"name":"wp","href":"https:\/\/api.w.org\/{rel}","templated":true}]}}