{"id":109,"date":"2021-09-29T15:03:50","date_gmt":"2021-09-29T18:03:50","guid":{"rendered":"https:\/\/www.feliciosilveira.com.br\/?page_id=109"},"modified":"2021-10-01T15:43:57","modified_gmt":"2021-10-01T18:43:57","slug":"contato","status":"publish","type":"page","link":"https:\/\/www.feliciosilveira.com.br\/?page_id=109","title":{"rendered":"Contato"},"content":{"rendered":"\n<p>Para enviar perguntas sobre assuntos t\u00e9cnicos voc\u00ea pode usar o Blog desta p\u00e1gina.<\/p>\n\n\n\n<p><\/p>\n\n\n\n<p>Para falar diretamente conosco, pode enviar email para <a href=\"mailto:amplamaqs@gmail.com\">amplamaqs@gmail.com<\/a>  <br>ou ligar para (47) 3463-1279 em hor\u00e1rio comercial<\/p>\n","protected":false},"excerpt":{"rendered":"<p>Para enviar perguntas sobre assuntos t\u00e9cnicos voc\u00ea pode usar o Blog desta p\u00e1gina. Para falar diretamente conosco, pode enviar email para amplamaqs@gmail.com ou ligar para (47) 3463-1279 em hor\u00e1rio comercial<\/p>\n","protected":false},"author":1,"featured_media":0,"parent":0,"menu_order":0,"comment_status":"closed","ping_status":"closed","template":"","meta":[],"_links":{"self":[{"href":"https:\/\/www.feliciosilveira.com.br\/index.php?rest_route=\/wp\/v2\/pages\/109"}],"collection":[{"href":"https:\/\/www.feliciosilveira.com.br\/index.php?rest_route=\/wp\/v2\/pages"}],"about":[{"href":"https:\/\/www.feliciosilveira.com.br\/index.php?rest_route=\/wp\/v2\/types\/page"}],"author":[{"embeddable":true,"href":"https:\/\/www.feliciosilveira.com.br\/index.php?rest_route=\/wp\/v2\/users\/1"}],"replies":[{"embeddable":true,"href":"https:\/\/www.feliciosilveira.com.br\/index.php?rest_route=%2Fwp%2Fv2%2Fcomments&post=109"}],"version-history":[{"count":2,"href":"https:\/\/www.feliciosilveira.com.br\/index.php?rest_route=\/wp\/v2\/pages\/109\/revisions"}],"predecessor-version":[{"id":120,"href":"https:\/\/www.feliciosilveira.com.br\/index.php?rest_route=\/wp\/v2\/pages\/109\/revisions\/120"}],"wp:attachment":[{"href":"https:\/\/www.feliciosilveira.com.br\/index.php?rest_route=%2Fwp%2Fv2%2Fmedia&parent=109"}],"curies":[{"name":"wp","href":"https:\/\/api.w.org\/{rel}","templated":true}]}}